{"id":1024,"date":"2025-02-11T00:39:44","date_gmt":"2025-02-11T00:39:44","guid":{"rendered":"https:\/\/sacolombianjeans.com\/?page_id=1024"},"modified":"2025-05-01T01:27:58","modified_gmt":"2025-04-30T21:27:58","slug":"about","status":"publish","type":"page","link":"https:\/\/sacolombianjeans.com\/es\/about\/","title":{"rendered":"About"},"content":{"rendered":"<div data-elementor-type=\"wp-page\" data-elementor-id=\"1024\" class=\"elementor elementor-1024\" data-elementor-post-type=\"page\">\n\t\t\t\t<div class=\"elementor-element elementor-element-a044530 e-con-full e-flex e-con e-parent\" data-id=\"a044530\" data-element_type=\"container\" data-settings=\"{&quot;background_background&quot;:&quot;classic&quot;}\">\n\t\t\t\t<div class=\"elementor-element elementor-element-98bc912 elementor-widget elementor-widget-heading\" data-id=\"98bc912\" data-element_type=\"widget\" data-widget_type=\"heading.default\">\n\t\t\t\t<div class=\"elementor-widget-container\">\n\t\t\t\t\t<h2 class=\"elementor-heading-title elementor-size-default\">NOSOTRAS<\/h2>\t\t\t\t<\/div>\n\t\t\t\t<\/div>\n\t\t\t\t<\/div>\n\t\t<div class=\"elementor-element elementor-element-e2fc7c7 e-con-full e-flex e-con e-parent\" data-id=\"e2fc7c7\" data-element_type=\"container\">\n\t\t<div class=\"elementor-element elementor-element-11279bd e-con-full e-flex e-con e-child\" data-id=\"11279bd\" data-element_type=\"container\">\n\t\t<div class=\"elementor-element elementor-element-a821d76 e-con-full animated-slow e-flex elementor-invisible e-con e-child\" data-id=\"a821d76\" data-element_type=\"container\" data-settings=\"{&quot;animation&quot;:&quot;fadeInLeft&quot;,&quot;animation_delay&quot;:150}\">\n\t\t\t\t<div class=\"elementor-element elementor-element-129016e elementor-widget elementor-widget-heading\" data-id=\"129016e\" data-element_type=\"widget\" data-widget_type=\"heading.default\">\n\t\t\t\t<div class=\"elementor-widget-container\">\n\t\t\t\t\t<h2 class=\"elementor-heading-title elementor-size-default\">Acerca de  SA Colombian Jeans<\/h2>\t\t\t\t<\/div>\n\t\t\t\t<\/div>\n\t\t\t\t<div class=\"elementor-element elementor-element-f16ae04 elementor-widget elementor-widget-text-editor\" data-id=\"f16ae04\" data-element_type=\"widget\" data-widget_type=\"text-editor.default\">\n\t\t\t\t<div class=\"elementor-widget-container\">\n\t\t\t\t\t\t\t\t\t<p>SA Colombian\u00a0<span class=\"il\">Jeans<\/span>\u00a0naci\u00f3 hace m\u00e1s de 6 a\u00f1os con un prop\u00f3sito claro: inspirar y empoderar a la mujer. Cada dise\u00f1o de nuestros\u00a0<span class=\"il\">jeans<\/span> est\u00e1 pensado para hacerla sentir \u00fanica, poderosa y segura. Celebramos la belleza y fortaleza de la mujer latina, reflejando nuestras ra\u00edces en cada prenda.<\/p>\t\t\t\t\t\t\t\t<\/div>\n\t\t\t\t<\/div>\n\t\t\t\t<\/div>\n\t\t<div class=\"elementor-element elementor-element-3bfc5b1 e-con-full animated-slow e-flex elementor-invisible e-con e-child\" data-id=\"3bfc5b1\" data-element_type=\"container\" data-settings=\"{&quot;animation&quot;:&quot;fadeInRight&quot;,&quot;animation_delay&quot;:300}\">\n\t\t\t\t<div class=\"elementor-element elementor-element-87dff23 elementor-widget elementor-widget-heading\" data-id=\"87dff23\" data-element_type=\"widget\" data-widget_type=\"heading.default\">\n\t\t\t\t<div class=\"elementor-widget-container\">\n\t\t\t\t\t<h2 class=\"elementor-heading-title elementor-size-default\">NUESTRA FILOSOF\u00cdA<\/h2>\t\t\t\t<\/div>\n\t\t\t\t<\/div>\n\t\t\t\t<div class=\"elementor-element elementor-element-e7be13f elementor-widget elementor-widget-text-editor\" data-id=\"e7be13f\" data-element_type=\"widget\" data-widget_type=\"text-editor.default\">\n\t\t\t\t<div class=\"elementor-widget-container\">\n\t\t\t\t\t\t\t\t\t<p data-start=\"319\" data-end=\"582\">Nuestra marca promueve la uni\u00f3n y el apoyo entre mujeres, y creemos que todas, sin importar su origen o contextura, merecen sentirse confiadas y c\u00f3modas. Nos enorgullece ver c\u00f3mo nuestros\u00a0<span class=\"il\">jeans<\/span>\u00a0se convierten en una herramienta de confianza para quienes los usan.<\/p>\t\t\t\t\t\t\t\t<\/div>\n\t\t\t\t<\/div>\n\t\t\t\t<\/div>\n\t\t<div class=\"elementor-element elementor-element-9c3c037 e-con-full animated-slow e-flex elementor-invisible e-con e-child\" data-id=\"9c3c037\" data-element_type=\"container\" data-settings=\"{&quot;animation&quot;:&quot;fadeInLeft&quot;,&quot;animation_delay&quot;:450}\">\n\t\t\t\t<div class=\"elementor-element elementor-element-137a30b elementor-widget elementor-widget-heading\" data-id=\"137a30b\" data-element_type=\"widget\" data-widget_type=\"heading.default\">\n\t\t\t\t<div class=\"elementor-widget-container\">\n\t\t\t\t\t<h2 class=\"elementor-heading-title elementor-size-default\">NUESTRO COMPROMISO<\/h2>\t\t\t\t<\/div>\n\t\t\t\t<\/div>\n\t\t\t\t<div class=\"elementor-element elementor-element-8fefe1a elementor-widget elementor-widget-text-editor\" data-id=\"8fefe1a\" data-element_type=\"widget\" data-widget_type=\"text-editor.default\">\n\t\t\t\t<div class=\"elementor-widget-container\">\n\t\t\t\t\t\t\t\t\t<p data-start=\"610\" data-end=\"810\">Gracias a tu apoyo, seguimos creciendo, pero nuestro viaje contin\u00faa. Cada d\u00eda trabajamos con amor y dedicaci\u00f3n para ofrecerte lo mejor, porque tu confianza es lo m\u00e1s importante para nosotras.\u00a0<\/p>\t\t\t\t\t\t\t\t<\/div>\n\t\t\t\t<\/div>\n\t\t\t\t<\/div>\n\t\t\t\t<div class=\"elementor-element elementor-element-a79cb1b elementor-widget elementor-widget-heading\" data-id=\"a79cb1b\" data-element_type=\"widget\" data-widget_type=\"heading.default\">\n\t\t\t\t<div class=\"elementor-widget-container\">\n\t\t\t\t\t<h2 class=\"elementor-heading-title elementor-size-default\">\u00a1Juntas, empoderadas y m\u00e1s fuertes que nunca!<\/h2>\t\t\t\t<\/div>\n\t\t\t\t<\/div>\n\t\t\t\t<\/div>\n\t\t<div class=\"elementor-element elementor-element-236debd e-con-full animated-slow e-flex elementor-invisible e-con e-child\" data-id=\"236debd\" data-element_type=\"container\" data-settings=\"{&quot;animation&quot;:&quot;fadeIn&quot;,&quot;animation_delay&quot;:150}\">\n\t\t\t\t<div class=\"elementor-element elementor-element-11df3f7 elementor-widget elementor-widget-image\" data-id=\"11df3f7\" data-element_type=\"widget\" data-widget_type=\"image.default\">\n\t\t\t\t<div class=\"elementor-widget-container\">\n\t\t\t\t\t\t\t\t\t\t\t\t\t\t\t<img fetchpriority=\"high\" decoding=\"async\" width=\"717\" height=\"1024\" src=\"https:\/\/sacolombianjeans.com\/wp-content\/uploads\/2025\/02\/ARF_1744-717x1024.jpg\" class=\"attachment-large size-large wp-image-956\" alt=\"\" srcset=\"https:\/\/sacolombianjeans.com\/wp-content\/uploads\/2025\/02\/ARF_1744-717x1024.jpg 717w, https:\/\/sacolombianjeans.com\/wp-content\/uploads\/2025\/02\/ARF_1744-210x300.jpg 210w, https:\/\/sacolombianjeans.com\/wp-content\/uploads\/2025\/02\/ARF_1744-768x1096.jpg 768w, https:\/\/sacolombianjeans.com\/wp-content\/uploads\/2025\/02\/ARF_1744-1076x1536.jpg 1076w, https:\/\/sacolombianjeans.com\/wp-content\/uploads\/2025\/02\/ARF_1744-1435x2048.jpg 1435w, https:\/\/sacolombianjeans.com\/wp-content\/uploads\/2025\/02\/ARF_1744-300x428.jpg 300w, https:\/\/sacolombianjeans.com\/wp-content\/uploads\/2025\/02\/ARF_1744-600x856.jpg 600w, https:\/\/sacolombianjeans.com\/wp-content\/uploads\/2025\/02\/ARF_1744-scaled.jpg 1793w\" sizes=\"(max-width: 717px) 100vw, 717px\" \/>\t\t\t\t\t\t\t\t\t\t\t\t\t\t\t<\/div>\n\t\t\t\t<\/div>\n\t\t\t\t<\/div>\n\t\t\t\t<\/div>\n\t\t\t\t<\/div>","protected":false},"excerpt":{"rendered":"<p>ABOUT US About SA Colombian Jeans SA Colombian\u00a0Jeans\u00a0was founded over 6 years ago with a clear purpose: to inspire and [&hellip;]<\/p>","protected":false},"author":2,"featured_media":0,"parent":0,"menu_order":0,"comment_status":"closed","ping_status":"closed","template":"","meta":{"site-sidebar-layout":"no-sidebar","site-content-layout":"","ast-site-content-layout":"full-width-container","site-content-style":"default","site-sidebar-style":"default","ast-global-header-display":"","ast-banner-title-visibility":"","ast-main-header-display":"","ast-hfb-above-header-display":"","ast-hfb-below-header-display":"","ast-hfb-mobile-header-display":"","site-post-title":"disabled","ast-breadcrumbs-content":"","ast-featured-img":"disabled","footer-sml-layout":"","theme-transparent-header-meta":"","adv-header-id-meta":"","stick-header-meta":"","header-above-stick-meta":"","header-main-stick-meta":"","header-below-stick-meta":"","astra-migrate-meta-layouts":"default","ast-page-background-enabled":"default","ast-page-background-meta":{"desktop":{"background-color":"var(--ast-global-color-5)","background-image":"","background-repeat":"repeat","background-position":"center center","background-size":"auto","background-attachment":"scroll","background-type":"","background-media":"","overlay-type":"","overlay-color":"","overlay-opacity":"","overlay-gradient":""},"tablet":{"background-color":"","background-image":"","background-repeat":"repeat","background-position":"center center","background-size":"auto","background-attachment":"scroll","background-type":"","background-media":"","overlay-type":"","overlay-color":"","overlay-opacity":"","overlay-gradient":""},"mobile":{"background-color":"","background-image":"","background-repeat":"repeat","background-position":"center center","background-size":"auto","background-attachment":"scroll","background-type":"","background-media":"","overlay-type":"","overlay-color":"","overlay-opacity":"","overlay-gradient":""}},"ast-content-background-meta":{"desktop":{"background-color":"var(--ast-global-color-4)","background-image":"","background-repeat":"repeat","background-position":"center center","background-size":"auto","background-attachment":"scroll","background-type":"","background-media":"","overlay-type":"","overlay-color":"","overlay-opacity":"","overlay-gradient":""},"tablet":{"background-color":"var(--ast-global-color-4)","background-image":"","background-repeat":"repeat","background-position":"center center","background-size":"auto","background-attachment":"scroll","background-type":"","background-media":"","overlay-type":"","overlay-color":"","overlay-opacity":"","overlay-gradient":""},"mobile":{"background-color":"var(--ast-global-color-4)","background-image":"","background-repeat":"repeat","background-position":"center center","background-size":"auto","background-attachment":"scroll","background-type":"","background-media":"","overlay-type":"","overlay-color":"","overlay-opacity":"","overlay-gradient":""}},"footnotes":""},"class_list":["post-1024","page","type-page","status-publish","hentry"],"_links":{"self":[{"href":"https:\/\/sacolombianjeans.com\/es\/wp-json\/wp\/v2\/pages\/1024","targetHints":{"allow":["GET"]}}],"collection":[{"href":"https:\/\/sacolombianjeans.com\/es\/wp-json\/wp\/v2\/pages"}],"about":[{"href":"https:\/\/sacolombianjeans.com\/es\/wp-json\/wp\/v2\/types\/page"}],"author":[{"embeddable":true,"href":"https:\/\/sacolombianjeans.com\/es\/wp-json\/wp\/v2\/users\/2"}],"replies":[{"embeddable":true,"href":"https:\/\/sacolombianjeans.com\/es\/wp-json\/wp\/v2\/comments?post=1024"}],"version-history":[{"count":77,"href":"https:\/\/sacolombianjeans.com\/es\/wp-json\/wp\/v2\/pages\/1024\/revisions"}],"predecessor-version":[{"id":2829,"href":"https:\/\/sacolombianjeans.com\/es\/wp-json\/wp\/v2\/pages\/1024\/revisions\/2829"}],"wp:attachment":[{"href":"https:\/\/sacolombianjeans.com\/es\/wp-json\/wp\/v2\/media?parent=1024"}],"curies":[{"name":"wp","href":"https:\/\/api.w.org\/{rel}","templated":true}]}}