{"id":2753,"date":"2025-04-08T21:26:16","date_gmt":"2025-04-08T21:26:16","guid":{"rendered":"https:\/\/sacolombianjeans.com\/?page_id=2753"},"modified":"2025-04-08T21:29:00","modified_gmt":"2025-04-08T21:29:00","slug":"guarantees","status":"publish","type":"page","link":"https:\/\/sacolombianjeans.com\/es\/guarantees\/","title":{"rendered":"Garantias"},"content":{"rendered":"<div data-elementor-type=\"wp-page\" data-elementor-id=\"2753\" class=\"elementor elementor-2753\" data-elementor-post-type=\"page\">\n\t\t\t\t<div class=\"elementor-element elementor-element-1e4b1abe e-flex e-con-boxed e-con e-parent\" data-id=\"1e4b1abe\" data-element_type=\"container\">\n\t\t\t\t\t<div class=\"e-con-inner\">\n\t\t\t\t<div class=\"elementor-element elementor-element-765fdb4f elementor-widget elementor-widget-text-editor\" data-id=\"765fdb4f\" data-element_type=\"widget\" data-widget_type=\"text-editor.default\">\n\t\t\t\t<div class=\"elementor-widget-container\">\n\t\t\t\t\t\t\t\t\t<h1><strong>SA Colombian\u00a0<span class=\"il\">Jeans<\/span> Garantias\u00a0<\/strong><\/h1><p>En SA Colombian\u00a0<span class=\"il\">Jeans<\/span>nos importa tu satisfacci\u00f3n y queremos que te sientas completamente feliz con tu compra. Por eso, te ofrecemos las siguientes garant\u00edas:<\/p><ol><li><strong>Garant\u00eda por Defecto de F\u00e1brica\u00a0<\/strong>Todos nuestros\u00a0<span class=\"il\">jeans<\/span>\u00a0on cuidadosamente elaborados con materiales de alta calidad y revisados antes de ser enviados. Si tu producto tiene alg\u00fan defecto de fabricaci\u00f3n, te ofrecemos un cambio o reembolso completo sin ning\u00fan costo adicional. \u00a1La calidad es nuestra prioridad<\/li><li><strong>Garant\u00eda por Inconvenientes en el Env\u00edo<\/strong>En caso de que tu pedido llegue da\u00f1ado, incorrecto o si hay alg\u00fan retraso en la entrega, nos encargamos de resolver la situaci\u00f3n de inmediato. Nosotros respondemos por los paquetes enviados y nos aseguramos de que tu compra llegue en perfectas condiciones y a tiempo.<\/li><li><strong>Garant\u00eda de Satisfacci\u00f3n - Devoluci\u00f3n y Reembolso\u00a0<\/strong>Sabemos que a veces puede que el producto no sea exactamente lo que esperabas, y eso est\u00e1 bien. Si por alguna raz\u00f3n no te gusta el jean o\u00a0<span class=\"il\">jeans<\/span>\u00a0no est\u00e1s completamente satisfecha, solo tienes que seguir nuestro proceso de devoluci\u00f3n. Te devolvemos el dinero siempre y cuando sigas el paso a paso que te indicamos. Queremos que te sientas segura y contenta con tu compra.<\/li><li><strong>Garant\u00eda de Calidad de las Telas\u00a0<\/strong>Solo trabajamos con materiales de la mejor calidad, seleccionados cuidadosamente para brindarte comodidad, durabilidad y un ajuste perfecto. Si en alg\u00fan momento sientes que la tela no cumple con las expectativas que prometemos, nos encargamos de solucionarlo.<\/li><li><strong>Garant\u00eda de Ajuste Perfecto\u00a0<\/strong>Todos nuestros\u00a0<span class=\"il\">jeans<\/span>\u00a0est\u00e1n dise\u00f1ados para adaptarse a diferentes tipos de cuerpos, resaltando la figura femenina con comodidad. Si tienes dudas sobre el ajuste, nuestro equipo est\u00e1 disponible para asesorarte sobre el modelo que mejor se adapte a ti. Si al recibir el producto no se ajusta como esperabas, te ayudamos a hacer el cambio sin complicaciones<\/li><li><strong>Garant\u00eda de Atenci\u00f3n Personalizada<\/strong>Nos importa tu experiencia de compra, por eso, si tienes cualquier duda antes o despu\u00e9s de comprar, nuestro equipo de atenci\u00f3n al cliente est\u00e1 disponible para ayudarte en todo lo que necesites. Te acompa\u00f1amos durante todo el proceso.<\/li><li><strong>Garant\u00eda de Compromiso con la Moda Sostenible<\/strong>En SA Colombian\u00a0<span class=\"il\">Jeans<\/span>estamos comprometidos con el medio ambiente, utilizando materiales y procesos de producci\u00f3n responsables. Si alguna vez tienes alguna inquietud sobre nuestros m\u00e9todos, puedes contar con nuestra transparencia. \u00a1El futuro de la moda es sostenible y estamos orgullosos de ser parte de \u00e9l!<\/li><\/ol><ul><li>Tu confianza es lo m\u00e1s importante para nosotros! Si en cualquier momento tienes preguntas o necesitas ayuda, no dudes en contactarnos a nuestros n\u00fameros de WhatsApp en Colombia o Estados Unidos , Trabajamos para que cada compra sea una experiencia incre\u00edble y libre de preocupaciones<b>Asesor\u00eda personalizada en nuestras lineas de whatsapp 24\/7<\/b><\/li><\/ul>\t\t\t\t\t\t\t\t<\/div>\n\t\t\t\t<\/div>\n\t\t\t\t\t<\/div>\n\t\t\t\t<\/div>\n\t\t\t\t<\/div>","protected":false},"excerpt":{"rendered":"<p>SA Colombian\u00a0Jeans Guarantees\u00a0 At SA Colombian\u00a0Jeans, your satisfaction is important to us, and we want you to be completely happy [&hellip;]<\/p>","protected":false},"author":2,"featured_media":0,"parent":0,"menu_order":0,"comment_status":"closed","ping_status":"closed","template":"elementor_header_footer","meta":{"site-sidebar-layout":"default","site-content-layout":"","ast-site-content-layout":"","site-content-style":"default","site-sidebar-style":"default","ast-global-header-display":"","ast-banner-title-visibility":"","ast-main-header-display":"","ast-hfb-above-header-display":"","ast-hfb-below-header-display":"","ast-hfb-mobile-header-display":"","site-post-title":"","ast-breadcrumbs-content":"","ast-featured-img":"","footer-sml-layout":"","theme-transparent-header-meta":"","adv-header-id-meta":"","stick-header-meta":"","header-above-stick-meta":"","header-main-stick-meta":"","header-below-stick-meta":"","astra-migrate-meta-layouts":"default","ast-page-background-enabled":"default","ast-page-background-meta":{"desktop":{"background-color":"var(--ast-global-color-5)","background-image":"","background-repeat":"repeat","background-position":"center center","background-size":"auto","background-attachment":"scroll","background-type":"","background-media":"","overlay-type":"","overlay-color":"","overlay-opacity":"","overlay-gradient":""},"tablet":{"background-color":"","background-image":"","background-repeat":"repeat","background-position":"center center","background-size":"auto","background-attachment":"scroll","background-type":"","background-media":"","overlay-type":"","overlay-color":"","overlay-opacity":"","overlay-gradient":""},"mobile":{"background-color":"","background-image":"","background-repeat":"repeat","background-position":"center center","background-size":"auto","background-attachment":"scroll","background-type":"","background-media":"","overlay-type":"","overlay-color":"","overlay-opacity":"","overlay-gradient":""}},"ast-content-background-meta":{"desktop":{"background-color":"var(--ast-global-color-4)","background-image":"","background-repeat":"repeat","background-position":"center center","background-size":"auto","background-attachment":"scroll","background-type":"","background-media":"","overlay-type":"","overlay-color":"","overlay-opacity":"","overlay-gradient":""},"tablet":{"background-color":"var(--ast-global-color-4)","background-image":"","background-repeat":"repeat","background-position":"center center","background-size":"auto","background-attachment":"scroll","background-type":"","background-media":"","overlay-type":"","overlay-color":"","overlay-opacity":"","overlay-gradient":""},"mobile":{"background-color":"var(--ast-global-color-4)","background-image":"","background-repeat":"repeat","background-position":"center center","background-size":"auto","background-attachment":"scroll","background-type":"","background-media":"","overlay-type":"","overlay-color":"","overlay-opacity":"","overlay-gradient":""}},"footnotes":""},"class_list":["post-2753","page","type-page","status-publish","hentry"],"_links":{"self":[{"href":"https:\/\/sacolombianjeans.com\/es\/wp-json\/wp\/v2\/pages\/2753","targetHints":{"allow":["GET"]}}],"collection":[{"href":"https:\/\/sacolombianjeans.com\/es\/wp-json\/wp\/v2\/pages"}],"about":[{"href":"https:\/\/sacolombianjeans.com\/es\/wp-json\/wp\/v2\/types\/page"}],"author":[{"embeddable":true,"href":"https:\/\/sacolombianjeans.com\/es\/wp-json\/wp\/v2\/users\/2"}],"replies":[{"embeddable":true,"href":"https:\/\/sacolombianjeans.com\/es\/wp-json\/wp\/v2\/comments?post=2753"}],"version-history":[{"count":5,"href":"https:\/\/sacolombianjeans.com\/es\/wp-json\/wp\/v2\/pages\/2753\/revisions"}],"predecessor-version":[{"id":2764,"href":"https:\/\/sacolombianjeans.com\/es\/wp-json\/wp\/v2\/pages\/2753\/revisions\/2764"}],"wp:attachment":[{"href":"https:\/\/sacolombianjeans.com\/es\/wp-json\/wp\/v2\/media?parent=2753"}],"curies":[{"name":"wp","href":"https:\/\/api.w.org\/{rel}","templated":true}]}}