{"id":1610,"date":"2025-02-11T21:17:32","date_gmt":"2025-02-11T21:17:32","guid":{"rendered":"https:\/\/sacolombianjeans.com\/?post_type=product&#038;p=1610"},"modified":"2025-12-27T05:04:08","modified_gmt":"2025-12-27T01:04:08","slug":"filandia","status":"publish","type":"product","link":"https:\/\/sacolombianjeans.com\/es\/producto\/filandia\/","title":{"rendered":"Filandia"},"content":{"rendered":"<p>No es magia, es dise\u00f1o colombiano bien hecho.<br data-start=\"2643\" data-end=\"2646\" \/>Jeans que levantan la cola, controlan el abdomen, se estiran contigo, tienen excelente textura y calidad, y vienen en diferentes tallas para cuerpos reales.<\/p>","protected":false},"excerpt":{"rendered":"<p>Env\u00edo $62.000 (gratis si tu compra es superior a $620.000)<\/p>\n<div>\n<p>Jeans skinny el\u00e1sticos, talle medio, azul oscuro, silueta slim fit, dise\u00f1o de cinco bolsillos (delantero y trasero), cinturilla estrecha, un bot\u00f3n, con sutil detalle desgastado en el frente.<\/p>\n<p>Materiales: 95% algod\u00f3n, 3% poli\u00e9ster, 2% elastano.<\/p>\n<\/div>","protected":false},"featured_media":2689,"template":"","meta":{"site-sidebar-layout":"default","site-content-layout":"","ast-site-content-layout":"default","site-content-style":"default","site-sidebar-style":"default","ast-global-header-display":"","ast-banner-title-visibility":"","ast-main-header-display":"","ast-hfb-above-header-display":"","ast-hfb-below-header-display":"","ast-hfb-mobile-header-display":"","site-post-title":"","ast-breadcrumbs-content":"","ast-featured-img":"","footer-sml-layout":"","theme-transparent-header-meta":"default","adv-header-id-meta":"","stick-header-meta":"","header-above-stick-meta":"","header-main-stick-meta":"","header-below-stick-meta":"","astra-migrate-meta-layouts":"set","ast-page-background-enabled":"default","ast-page-background-meta":{"desktop":{"background-color":"var(--ast-global-color-5)","background-image":"","background-repeat":"repeat","background-position":"center center","background-size":"auto","background-attachment":"scroll","background-type":"","background-media":"","overlay-type":"","overlay-color":"","overlay-opacity":"","overlay-gradient":""},"tablet":{"background-color":"","background-image":"","background-repeat":"repeat","background-position":"center center","background-size":"auto","background-attachment":"scroll","background-type":"","background-media":"","overlay-type":"","overlay-color":"","overlay-opacity":"","overlay-gradient":""},"mobile":{"background-color":"","background-image":"","background-repeat":"repeat","background-position":"center center","background-size":"auto","background-attachment":"scroll","background-type":"","background-media":"","overlay-type":"","overlay-color":"","overlay-opacity":"","overlay-gradient":""}},"ast-content-background-meta":{"desktop":{"background-color":"var(--ast-global-color-4)","background-image":"","background-repeat":"repeat","background-position":"center center","background-size":"auto","background-attachment":"scroll","background-type":"","background-media":"","overlay-type":"","overlay-color":"","overlay-opacity":"","overlay-gradient":""},"tablet":{"background-color":"var(--ast-global-color-4)","background-image":"","background-repeat":"repeat","background-position":"center center","background-size":"auto","background-attachment":"scroll","background-type":"","background-media":"","overlay-type":"","overlay-color":"","overlay-opacity":"","overlay-gradient":""},"mobile":{"background-color":"var(--ast-global-color-4)","background-image":"","background-repeat":"repeat","background-position":"center center","background-size":"auto","background-attachment":"scroll","background-type":"","background-media":"","overlay-type":"","overlay-color":"","overlay-opacity":"","overlay-gradient":""}}},"product_brand":[],"product_cat":[23,19,22],"product_tag":[],"class_list":{"0":"post-1610","1":"product","2":"type-product","3":"status-publish","4":"has-post-thumbnail","6":"product_cat-antioquia","7":"product_cat-cafetera","8":"product_cat-caribe","9":"desktop-align-left","10":"tablet-align-left","11":"mobile-align-left","13":"first","14":"instock","15":"sale","16":"taxable","17":"shipping-taxable","18":"purchasable","19":"product-type-variable","20":"has-default-attributes"},"_links":{"self":[{"href":"https:\/\/sacolombianjeans.com\/es\/wp-json\/wp\/v2\/product\/1610","targetHints":{"allow":["GET"]}}],"collection":[{"href":"https:\/\/sacolombianjeans.com\/es\/wp-json\/wp\/v2\/product"}],"about":[{"href":"https:\/\/sacolombianjeans.com\/es\/wp-json\/wp\/v2\/types\/product"}],"wp:featuredmedia":[{"embeddable":true,"href":"https:\/\/sacolombianjeans.com\/es\/wp-json\/wp\/v2\/media\/2689"}],"wp:attachment":[{"href":"https:\/\/sacolombianjeans.com\/es\/wp-json\/wp\/v2\/media?parent=1610"}],"wp:term":[{"taxonomy":"product_brand","embeddable":true,"href":"https:\/\/sacolombianjeans.com\/es\/wp-json\/wp\/v2\/product_brand?post=1610"},{"taxonomy":"product_cat","embeddable":true,"href":"https:\/\/sacolombianjeans.com\/es\/wp-json\/wp\/v2\/product_cat?post=1610"},{"taxonomy":"product_tag","embeddable":true,"href":"https:\/\/sacolombianjeans.com\/es\/wp-json\/wp\/v2\/product_tag?post=1610"}],"curies":[{"name":"wp","href":"https:\/\/api.w.org\/{rel}","templated":true}]}}