{"id":1638,"date":"2025-02-11T21:22:51","date_gmt":"2025-02-11T21:22:51","guid":{"rendered":"https:\/\/sacolombianjeans.com\/?post_type=product&#038;p=1638"},"modified":"2025-09-10T21:33:43","modified_gmt":"2025-09-10T17:33:43","slug":"calarca","status":"publish","type":"product","link":"https:\/\/sacolombianjeans.com\/es\/producto\/calarca\/","title":{"rendered":"Calarca"},"content":{"rendered":"<p>Donde nuestros h\u00e1biles artesanos dan vida a cada creaci\u00f3n, garantizando calidad y belleza. Los artesanos colombianos son expertos en combinar tradici\u00f3n y creatividad, utilizando t\u00e9cnicas ancestrales para elaborar piezas \u00fanicas y llenas de significado. Su capacidad para transformar textiles y materiales locales en moda de alta calidad refleja el orgullo y la riqueza cultural de Colombia.<\/p>","protected":false},"excerpt":{"rendered":"<p>Env\u00edo $62.000 (gratis si tu compra es superior a $620.000)<\/p>\n<div>\n<p>Jeans skinny el\u00e1sticos, con levantamiento de gl\u00fateos, tiro medio, azul oscuro, silueta slim fit, dos bolsillos traseros, cinturilla ancha, tres botones.<\/p>\n<p>Materiales: 95% algod\u00f3n, 3% poli\u00e9ster, 2% elastano.<\/p>\n<\/div>","protected":false},"featured_media":2695,"template":"","meta":{"site-sidebar-layout":"default","site-content-layout":"","ast-site-content-layout":"default","site-content-style":"default","site-sidebar-style":"default","ast-global-header-display":"","ast-banner-title-visibility":"","ast-main-header-display":"","ast-hfb-above-header-display":"","ast-hfb-below-header-display":"","ast-hfb-mobile-header-display":"","site-post-title":"","ast-breadcrumbs-content":"","ast-featured-img":"","footer-sml-layout":"","theme-transparent-header-meta":"default","adv-header-id-meta":"","stick-header-meta":"","header-above-stick-meta":"","header-main-stick-meta":"","header-below-stick-meta":"","astra-migrate-meta-layouts":"set","ast-page-background-enabled":"default","ast-page-background-meta":{"desktop":{"background-color":"var(--ast-global-color-5)","background-image":"","background-repeat":"repeat","background-position":"center center","background-size":"auto","background-attachment":"scroll","background-type":"","background-media":"","overlay-type":"","overlay-color":"","overlay-opacity":"","overlay-gradient":""},"tablet":{"background-color":"","background-image":"","background-repeat":"repeat","background-position":"center center","background-size":"auto","background-attachment":"scroll","background-type":"","background-media":"","overlay-type":"","overlay-color":"","overlay-opacity":"","overlay-gradient":""},"mobile":{"background-color":"","background-image":"","background-repeat":"repeat","background-position":"center center","background-size":"auto","background-attachment":"scroll","background-type":"","background-media":"","overlay-type":"","overlay-color":"","overlay-opacity":"","overlay-gradient":""}},"ast-content-background-meta":{"desktop":{"background-color":"var(--ast-global-color-4)","background-image":"","background-repeat":"repeat","background-position":"center center","background-size":"auto","background-attachment":"scroll","background-type":"","background-media":"","overlay-type":"","overlay-color":"","overlay-opacity":"","overlay-gradient":""},"tablet":{"background-color":"var(--ast-global-color-4)","background-image":"","background-repeat":"repeat","background-position":"center center","background-size":"auto","background-attachment":"scroll","background-type":"","background-media":"","overlay-type":"","overlay-color":"","overlay-opacity":"","overlay-gradient":""},"mobile":{"background-color":"var(--ast-global-color-4)","background-image":"","background-repeat":"repeat","background-position":"center center","background-size":"auto","background-attachment":"scroll","background-type":"","background-media":"","overlay-type":"","overlay-color":"","overlay-opacity":"","overlay-gradient":""}}},"product_brand":[],"product_cat":[23,19,22],"product_tag":[],"class_list":{"0":"post-1638","1":"product","2":"type-product","3":"status-publish","4":"has-post-thumbnail","6":"product_cat-antioquia","7":"product_cat-cafetera","8":"product_cat-caribe","9":"desktop-align-left","10":"tablet-align-left","11":"mobile-align-left","13":"first","14":"instock","15":"sale","16":"taxable","17":"shipping-taxable","18":"purchasable","19":"product-type-variable","20":"has-default-attributes"},"_links":{"self":[{"href":"https:\/\/sacolombianjeans.com\/es\/wp-json\/wp\/v2\/product\/1638","targetHints":{"allow":["GET"]}}],"collection":[{"href":"https:\/\/sacolombianjeans.com\/es\/wp-json\/wp\/v2\/product"}],"about":[{"href":"https:\/\/sacolombianjeans.com\/es\/wp-json\/wp\/v2\/types\/product"}],"wp:featuredmedia":[{"embeddable":true,"href":"https:\/\/sacolombianjeans.com\/es\/wp-json\/wp\/v2\/media\/2695"}],"wp:attachment":[{"href":"https:\/\/sacolombianjeans.com\/es\/wp-json\/wp\/v2\/media?parent=1638"}],"wp:term":[{"taxonomy":"product_brand","embeddable":true,"href":"https:\/\/sacolombianjeans.com\/es\/wp-json\/wp\/v2\/product_brand?post=1638"},{"taxonomy":"product_cat","embeddable":true,"href":"https:\/\/sacolombianjeans.com\/es\/wp-json\/wp\/v2\/product_cat?post=1638"},{"taxonomy":"product_tag","embeddable":true,"href":"https:\/\/sacolombianjeans.com\/es\/wp-json\/wp\/v2\/product_tag?post=1638"}],"curies":[{"name":"wp","href":"https:\/\/api.w.org\/{rel}","templated":true}]}}